{"id":26,"date":"2021-03-03T00:49:07","date_gmt":"2021-03-02T23:49:07","guid":{"rendered":"https:\/\/new.rtds.jamu.cz\/?page_id=26"},"modified":"2022-03-25T19:46:16","modified_gmt":"2022-03-25T18:46:16","slug":"kontakt","status":"publish","type":"page","link":"https:\/\/rtds.jamu.cz\/?page_id=26","title":{"rendered":"Kontakt"},"content":{"rendered":"\n<p><strong>e-mail<\/strong> | 5026@post.jamu.cz<\/p>\n\n\n\n<p><strong>adresa<\/strong> | Mozartova 1, 662 15 Brno&nbsp;<\/p>\n\n\n\n<p><strong>telefon<\/strong> | 542 591 333 <\/p>\n\n\n\n<p class=\"has-white-color has-text-color\">.<\/p>\n\n\n\n<p><strong>Studijn\u00ed odd\u011blen\u00ed DF JAMU <\/strong><\/p>\n\n\n\n<p><strong>Mgr. Darina Da\u0148kov\u00e1<\/strong><\/p>\n\n\n\n<p><strong>telefon\u00a0<\/strong>| 542 591 303<\/p>\n\n\n\n<p><strong>e-mail\u00a0<\/strong>| dankova@jamu.cz<\/p>\n\n\n\n<p class=\"has-white-color has-text-color\">.<\/p>\n\n\n\n<figure class=\"wp-block-image size-large is-resized\"><a href=\"https:\/\/df.jamu.cz\/\"><img loading=\"lazy\" decoding=\"async\" src=\"https:\/\/rtds.jamu.cz\/wp-content\/uploads\/2021\/10\/Janackova_akademie_muzickych_umeni_logo.svg_-1024x346.png\" alt=\"\" class=\"wp-image-6214\" width=\"513\" height=\"173\" srcset=\"https:\/\/rtds.jamu.cz\/wp-content\/uploads\/2021\/10\/Janackova_akademie_muzickych_umeni_logo.svg_-1024x346.png 1024w, https:\/\/rtds.jamu.cz\/wp-content\/uploads\/2021\/10\/Janackova_akademie_muzickych_umeni_logo.svg_-768x259.png 768w, https:\/\/rtds.jamu.cz\/wp-content\/uploads\/2021\/10\/Janackova_akademie_muzickych_umeni_logo.svg_.png 1280w\" sizes=\"auto, (max-width: 513px) 100vw, 513px\" \/><\/a><\/figure>\n","protected":false},"excerpt":{"rendered":"<p>e-mail | 5026@post.jamu.cz adresa | Mozartova 1, 662 15 Brno&nbsp; telefon | 542 591 333 . Studijn\u00ed odd\u011blen\u00ed DF JAMU Mgr. Darina Da\u0148kov\u00e1 telefon\u00a0| 542 591 303 e-mail\u00a0| dankova@jamu.cz .<\/p>\n","protected":false},"author":3,"featured_media":0,"parent":0,"menu_order":0,"comment_status":"closed","ping_status":"closed","template":"","meta":{"_acf_changed":false,"footnotes":""},"class_list":["post-26","page","type-page","status-publish","hentry"],"acf":[],"_links":{"self":[{"href":"https:\/\/rtds.jamu.cz\/index.php?rest_route=\/wp\/v2\/pages\/26","targetHints":{"allow":["GET"]}}],"collection":[{"href":"https:\/\/rtds.jamu.cz\/index.php?rest_route=\/wp\/v2\/pages"}],"about":[{"href":"https:\/\/rtds.jamu.cz\/index.php?rest_route=\/wp\/v2\/types\/page"}],"author":[{"embeddable":true,"href":"https:\/\/rtds.jamu.cz\/index.php?rest_route=\/wp\/v2\/users\/3"}],"replies":[{"embeddable":true,"href":"https:\/\/rtds.jamu.cz\/index.php?rest_route=%2Fwp%2Fv2%2Fcomments&post=26"}],"version-history":[{"count":27,"href":"https:\/\/rtds.jamu.cz\/index.php?rest_route=\/wp\/v2\/pages\/26\/revisions"}],"predecessor-version":[{"id":6317,"href":"https:\/\/rtds.jamu.cz\/index.php?rest_route=\/wp\/v2\/pages\/26\/revisions\/6317"}],"wp:attachment":[{"href":"https:\/\/rtds.jamu.cz\/index.php?rest_route=%2Fwp%2Fv2%2Fmedia&parent=26"}],"curies":[{"name":"wp","href":"https:\/\/api.w.org\/{rel}","templated":true}]}}