{"id":6157,"date":"2021-10-03T21:23:26","date_gmt":"2021-10-03T19:23:26","guid":{"rendered":"https:\/\/rtds.jamu.cz\/?page_id=6157"},"modified":"2026-03-03T04:36:11","modified_gmt":"2026-03-03T03:36:11","slug":"prijimaci-rizeni","status":"publish","type":"page","link":"https:\/\/rtds.jamu.cz\/?page_id=6157","title":{"rendered":"P\u0159ij\u00edmac\u00ed \u0159\u00edzen\u00ed"},"content":{"rendered":"\n<div style=\"height:1px\" aria-hidden=\"true\" class=\"wp-block-spacer\"><\/div>\n\n\n\n<div class=\"wp-block-buttons is-content-justification-center is-layout-flex wp-container-core-buttons-is-layout-f224defc wp-block-buttons-is-layout-flex\" style=\"padding-top:0px;padding-right:0px;padding-bottom:0px;padding-left:0px\">\n<div class=\"wp-block-button\"><a class=\"wp-block-button__link wp-element-button\" href=\"https:\/\/df.jamu.cz\/prijimaci-rizeni\/\">aktu\u00e1ln\u00ed podm\u00ednky pro ak. rok 2025\/26<\/a><\/div>\n<\/div>\n\n\n\n<div style=\"height:1px\" aria-hidden=\"true\" class=\"wp-block-spacer\"><\/div>\n\n\n\n<div class=\"wp-block-columns is-layout-flex wp-container-core-columns-is-layout-fa91aafc wp-block-columns-is-layout-flex\" style=\"border-top-color:#a394b0;border-top-width:3px;border-bottom-color:#a394b0;border-bottom-width:3px;padding-top:0px;padding-right:0px;padding-bottom:0px;padding-left:0px\">\n<div class=\"wp-block-column has-roboto-mono-font-family is-layout-flow wp-block-column-is-layout-flow\" style=\"border-top-style:none;border-top-width:0px;border-right-color:#a394b0;border-right-width:3px;border-bottom-style:none;border-bottom-width:0px;border-left-style:none;border-left-width:0px;padding-top:15px;padding-right:15px;padding-bottom:15px;padding-left:15px;font-size:clamp(0.875rem, 0.875rem + ((1vw - 0.2rem) * 0.227), 1rem);flex-basis:50%\">\n<p><strong>P\u0159ij\u00edmac\u00ed \u0159\u00edzen\u00ed do bakal\u00e1\u0159sk\u00e9ho stupn\u011b studia specializace Rozhlasov\u00e1 a televizn\u00ed dramaturgie a scen\u00e1ristika je dvoukolov\u00e9<\/strong>:<\/p>\n\n\n\n<p><strong>I. kolo: prob\u00edh\u00e1 bez p\u0159\u00edtomnosti uchaze\u010d\u016f, komise hodnot\u00ed zaslan\u00e9 texty<\/strong><\/p>\n\n\n\n<p><strong>Povinn\u00e9 pr\u00e1ce obvykle tvo\u0159\u00ed:<\/strong><\/p>\n\n\n\n<ul class=\"wp-block-list\">\n<li>3 vlastn\u00ed prozaick\u00e9 texty v minim\u00e1ln\u00edm rozsahu 1,5 &#8211; 3 normostrany (ka\u017ed\u00fd)<\/li>\n\n\n\n<li>rozbor celove\u010dern\u00edho hran\u00e9ho filmu v rozsahu 1-3 normostrany<\/li>\n\n\n\n<li>stru\u010dn\u00e9 a hutn\u00e9 reflexe 2 audiovizu\u00e1ln\u00edch d\u011bl (nap\u0159. hran\u00fd film nebo s\u00e9rie, dokument) a 2 rozhlasov\u00fdch d\u011bl (nap\u0159. rozhlasov\u00e1 hra nebo dramatick\u00fd podcast, dokument), vystihuj\u00edc\u00ed charakter d\u00edla, jeho p\u0159ednosti \u010di slabiny (orienta\u010dn\u00ed rozsah jednotliv\u00fdch reflex\u00ed 700 \u2013 1000 znak\u016f)<\/li>\n<\/ul>\n\n\n\n<p>Hodnoceny jsou analytick\u00e9 schopnosti, tv\u016fr\u010d\u00ed p\u0159edpoklady a orientace v oblasti televizn\u00ed, filmov\u00e9 a rozhlasov\u00e9 tvorby.<\/p>\n\n\n\n<p><strong>II. kolo: prob\u00edh\u00e1 na DF JAMU, uchaze\u010di p\u00ed\u0161\u00ed tv\u016fr\u010d\u00ed pr\u00e1ce zadan\u00e9 na m\u00edst\u011b, test z obecn\u00e9ho kulturn\u00edho rozhledu a absolvuj\u00ed p\u0159ij\u00edmac\u00ed pohovor zkoumaj\u00edc\u00ed jejich schopnost pohotov\u00e9, p\u0159esn\u00e9 a kultivovan\u00e9 formulace n\u00e1zor\u016f, reflexe vlastn\u00ed tvorby a motivaci ke studiu<\/strong><\/p>\n\n\n\n<p>pr\u00e1ce zadan\u00e9 na m\u00edst\u011b obvykle tvo\u0159\u00ed:<\/p>\n\n\n\n<div class=\"wp-block-group has-global-padding is-layout-constrained wp-block-group-is-layout-constrained\">\n<ul class=\"wp-block-list\">\n<li>fabulace (nap\u0159. kr\u00e1tk\u00fd p\u0159\u00edb\u011bh \u010di dramatick\u00e1 sc\u00e9na podle fotografie)<\/li>\n\n\n\n<li>esej (nap\u0159. na t\u00e9ma <em>V\u011b\u010dn\u00fd nedostatek v\u011b\u010dnosti<\/em> a podobn\u011b)<\/li>\n<\/ul>\n<\/div>\n<\/div>\n\n\n\n<div class=\"wp-block-column has-base-color has-text-color has-link-color has-roboto-mono-font-family wp-elements-1acf0b6a9439a17bb69d57b15dbb2930 is-layout-flow wp-block-column-is-layout-flow\" style=\"padding-top:15px;padding-right:15px;padding-bottom:15px;padding-left:15px;font-size:clamp(0.875rem, 0.875rem + ((1vw - 0.2rem) * 0.227), 1rem);flex-basis:50%\">\n<p><strong>P\u0159ij\u00edmac\u00ed \u0159\u00edzen\u00ed do magistersk\u00e9ho stupn\u011b studia specializace Rozhlasov\u00e1 a televizn\u00ed dramaturgie a scen\u00e1ristika prob\u00edh\u00e1 formou pohovoru nad zaslan\u00fdmi materi\u00e1ly. <\/strong><\/p>\n\n\n\n<div style=\"height:0.8rem\" aria-hidden=\"true\" class=\"wp-block-spacer\"><\/div>\n\n\n\n<p><strong>Povinn\u00e9 p\u0159\u00edlohy k p\u0159ihl\u00e1\u0161ce jsou tyto:<\/strong><\/p>\n\n\n\n<ul class=\"wp-block-list\">\n<li>kopie dokladu (diplomu) o absolvov\u00e1n\u00ed bakal\u00e1\u0159sk\u00e9ho stupn\u011b studia (Uchaze\u010di, kte\u0159\u00ed jej je\u0161t\u011b nemaj\u00ed, dodaj\u00ed ho nejpozd\u011bji v den kon\u00e1n\u00ed p\u0159ij\u00edmac\u00ed zkou\u0161ky; pokud jim z \u010dasov\u00fdch d\u016fvod\u016f nebyl p\u0159ed\u00e1n, dodaj\u00ed potvrzen\u00ed ze Studijn\u00edho odd\u011blen\u00ed p\u0159\u00edslu\u0161n\u00e9 \u0161koly o \u00fasp\u011b\u0161n\u00e9m vykon\u00e1n\u00ed st\u00e1tn\u00edch zkou\u0161ek a obh\u00e1jen\u00ed bakal\u00e1\u0159sk\u00e9 pr\u00e1ce. Kopii diplomu dodaj\u00ed neprodlen\u011b po jej\u00edm obdr\u017een\u00ed. V opa\u010dn\u00e9m p\u0159\u00edpad\u011b jim nebude umo\u017en\u011bno p\u0159ij\u00edmac\u00ed zkou\u0161ku vykonat.)<\/li>\n\n\n\n<li>strukturovan\u00fd \u017eivotopis<\/li>\n\n\n\n<li><strong>n\u00e1vrh t\u00e9matu magistersk\u00e9 diplomov\u00e9 pr\u00e1ce s anotac\u00ed (v rozsahu 1,5 \u2013 3 normostrany)<\/strong><\/li>\n\n\n\n<li><strong>n\u00e1vrh magistersk\u00e9ho absolventsk\u00e9ho projektu, nap\u0159. n\u00e1m\u011bt celove\u010dern\u00edho filmu, n\u00e1m\u011bt rozhlasov\u00e9 hry \u2026 (v rozsahu 1,5 \u2013 3 normostrany)<\/strong><\/li>\n<\/ul>\n<\/div>\n<\/div>\n","protected":false},"excerpt":{"rendered":"<p>P\u0159ij\u00edmac\u00ed \u0159\u00edzen\u00ed do bakal\u00e1\u0159sk\u00e9ho stupn\u011b studia specializace Rozhlasov\u00e1 a televizn\u00ed dramaturgie a scen\u00e1ristika je dvoukolov\u00e9: I. kolo: prob\u00edh\u00e1 bez p\u0159\u00edtomnosti uchaze\u010d\u016f, komise hodnot\u00ed zaslan\u00e9 texty Povinn\u00e9 pr\u00e1ce obvykle tvo\u0159\u00ed: Hodnoceny jsou analytick\u00e9 schopnosti, tv\u016fr\u010d\u00ed p\u0159edpoklady a orientace v oblasti televizn\u00ed, filmov\u00e9 a rozhlasov\u00e9 tvorby. II. kolo: prob\u00edh\u00e1 na DF JAMU, uchaze\u010di p\u00ed\u0161\u00ed tv\u016fr\u010d\u00ed pr\u00e1ce zadan\u00e9 [&hellip;]<\/p>\n","protected":false},"author":3,"featured_media":0,"parent":0,"menu_order":0,"comment_status":"closed","ping_status":"closed","template":"","meta":{"_acf_changed":false,"footnotes":""},"class_list":["post-6157","page","type-page","status-publish","hentry"],"acf":[],"_links":{"self":[{"href":"https:\/\/rtds.jamu.cz\/index.php?rest_route=\/wp\/v2\/pages\/6157","targetHints":{"allow":["GET"]}}],"collection":[{"href":"https:\/\/rtds.jamu.cz\/index.php?rest_route=\/wp\/v2\/pages"}],"about":[{"href":"https:\/\/rtds.jamu.cz\/index.php?rest_route=\/wp\/v2\/types\/page"}],"author":[{"embeddable":true,"href":"https:\/\/rtds.jamu.cz\/index.php?rest_route=\/wp\/v2\/users\/3"}],"replies":[{"embeddable":true,"href":"https:\/\/rtds.jamu.cz\/index.php?rest_route=%2Fwp%2Fv2%2Fcomments&post=6157"}],"version-history":[{"count":35,"href":"https:\/\/rtds.jamu.cz\/index.php?rest_route=\/wp\/v2\/pages\/6157\/revisions"}],"predecessor-version":[{"id":7398,"href":"https:\/\/rtds.jamu.cz\/index.php?rest_route=\/wp\/v2\/pages\/6157\/revisions\/7398"}],"wp:attachment":[{"href":"https:\/\/rtds.jamu.cz\/index.php?rest_route=%2Fwp%2Fv2%2Fmedia&parent=6157"}],"curies":[{"name":"wp","href":"https:\/\/api.w.org\/{rel}","templated":true}]}}